{"id":1619,"date":"2024-02-22T15:37:07","date_gmt":"2024-02-22T14:37:07","guid":{"rendered":"https:\/\/www.hotelamici.it\/notre-engagement-en-faveur-de-lenvironnement\/"},"modified":"2024-04-19T17:04:05","modified_gmt":"2024-04-19T15:04:05","slug":"notre-engagement-en-faveur-de-lenvironnement","status":"publish","type":"page","link":"https:\/\/www.hotelamici.it\/fr\/notre-engagement-en-faveur-de-lenvironnement\/","title":{"rendered":"Notre engagement en faveur de l&rsquo;environnement"},"content":{"rendered":"\t\t<div data-elementor-type=\"wp-page\" data-elementor-id=\"1619\" class=\"elementor elementor-1619 elementor-1501\" data-elementor-post-type=\"page\">\n\t\t\t\t\t\t<section class=\"elementor-section elementor-top-section elementor-element elementor-element-2c13fd32 elementor-section-boxed elementor-section-height-default elementor-section-height-default\" data-id=\"2c13fd32\" data-element_type=\"section\" data-e-type=\"section\" data-settings=\"{&quot;background_background&quot;:&quot;classic&quot;,&quot;jet_parallax_layout_list&quot;:[]}\">\n\t\t\t\t\t\t\t<div class=\"elementor-background-overlay\"><\/div>\n\t\t\t\t\t\t\t<div class=\"elementor-container elementor-column-gap-default\">\n\t\t\t\t\t<div class=\"elementor-column elementor-col-100 elementor-top-column elementor-element elementor-element-1d00163b\" data-id=\"1d00163b\" data-element_type=\"column\" data-e-type=\"column\">\n\t\t\t<div class=\"elementor-widget-wrap elementor-element-populated\">\n\t\t\t\t\t\t<div class=\"elementor-element elementor-element-1dae27d2 elementor-widget elementor-widget-heading\" data-id=\"1dae27d2\" data-element_type=\"widget\" data-e-type=\"widget\" data-widget_type=\"heading.default\">\n\t\t\t\t<div class=\"elementor-widget-container\">\n\t\t\t\t\t<h1 class=\"elementor-heading-title elementor-size-default\">Notre engagement <strong>en faveur de l'environnement<\/strong><\/h1>\t\t\t\t<\/div>\n\t\t\t\t<\/div>\n\t\t\t\t<div class=\"elementor-element elementor-element-3d199fee elementor-widget elementor-widget-text-editor\" data-id=\"3d199fee\" data-element_type=\"widget\" data-e-type=\"widget\" data-widget_type=\"text-editor.default\">\n\t\t\t\t<div class=\"elementor-widget-container\">\n\t\t\t\t\t\t\t\t\t<p>LA CHARTE EUROPEENNE DU TOURISME DURABLE<\/p>\n\t\t\t\t\t\t\t\t<\/div>\n\t\t\t\t<\/div>\n\t\t\t\t\t<\/div>\n\t\t<\/div>\n\t\t\t\t\t<\/div>\n\t\t<\/section>\n\t\t\t\t<section class=\"elementor-section elementor-top-section elementor-element elementor-element-19835eb2 elementor-section-full_width elementor-section-content-bottom elementor-section-height-default elementor-section-height-default\" data-id=\"19835eb2\" data-element_type=\"section\" data-e-type=\"section\" data-settings=\"{&quot;background_background&quot;:&quot;classic&quot;,&quot;jet_parallax_layout_list&quot;:[]}\">\n\t\t\t\t\t\t<div class=\"elementor-container elementor-column-gap-default\">\n\t\t\t\t\t<div class=\"elementor-column elementor-col-50 elementor-top-column elementor-element elementor-element-42f791a6\" data-id=\"42f791a6\" data-element_type=\"column\" data-e-type=\"column\">\n\t\t\t<div class=\"elementor-widget-wrap elementor-element-populated\">\n\t\t\t\t\t\t<div class=\"elementor-element elementor-element-9c54bcf elementor-widget elementor-widget-spacer\" data-id=\"9c54bcf\" data-element_type=\"widget\" data-e-type=\"widget\" data-widget_type=\"spacer.default\">\n\t\t\t\t<div class=\"elementor-widget-container\">\n\t\t\t\t\t\t\t<div class=\"elementor-spacer\">\n\t\t\t<div class=\"elementor-spacer-inner\"><\/div>\n\t\t<\/div>\n\t\t\t\t\t\t<\/div>\n\t\t\t\t<\/div>\n\t\t\t\t<div class=\"elementor-element elementor-element-5a9851f7 elementor-widget elementor-widget-heading\" data-id=\"5a9851f7\" data-element_type=\"widget\" data-e-type=\"widget\" data-widget_type=\"heading.default\">\n\t\t\t\t<div class=\"elementor-widget-container\">\n\t\t\t\t\t<h2 class=\"elementor-heading-title elementor-size-default\">Depuis des ann\u00e9es d\u00e9sormais notre h\u00f4tel s\u2019engage dans la durabilit\u00e9 environnementale. <\/h2>\t\t\t\t<\/div>\n\t\t\t\t<\/div>\n\t\t\t\t<div class=\"elementor-element elementor-element-618c68e9 elementor-widget elementor-widget-text-editor\" data-id=\"618c68e9\" data-element_type=\"widget\" data-e-type=\"widget\" data-widget_type=\"text-editor.default\">\n\t\t\t\t<div class=\"elementor-widget-container\">\n\t\t\t\t\t\t\t\t\t<p>Nous adh\u00e9rons au <strong>CETS<\/strong> (Carta europea del turismo sostenibile) et nous suivons leurs r\u00e8gles et leurs conseils pour nous am\u00e9liorer et bien faire.<br \/>Cette <strong>politique de durabilit\u00e9 environnementale<\/strong> est appliqu\u00e9e dans tous les secteurs de notre \u00e9tablissement : les chambres, la salle \u00e0 manger, la cuisine et bien s\u00fbr dans notre jardin.<\/p>\n<p>Notre <strong>bar<\/strong> a depuis longtemps remplac\u00e9 les bouteilles en plastique avec du verre pour favoriser un syst\u00e8me de consigne et nous offrons aussi, comme alternative, de l\u2019eau en cannettes recyclables, des pailles et des verres \u00e0 emporter en papier.<\/p>\n<p>Notre <strong>buffet<\/strong> du petit-d\u00e9jeuner propose pour la majorit\u00e9 des produits locaux et d\u2019origine italienne et nous avons \u00e9limin\u00e9 les produits monodoses en r\u00e9duisant ainsi l\u2019emploi du plastique<\/p>\n<p>Dans les <strong>chambres<\/strong> nous promouvons la r\u00e9utilisation des serviettes, si possible, pour \u00e9viter d\u2019inutiles gaspillages.<\/p>\n\t\t\t\t\t\t\t\t<\/div>\n\t\t\t\t<\/div>\n\t\t\t\t\t<\/div>\n\t\t<\/div>\n\t\t\t\t<div class=\"elementor-column elementor-col-50 elementor-top-column elementor-element elementor-element-a628976\" data-id=\"a628976\" data-element_type=\"column\" data-e-type=\"column\">\n\t\t\t<div class=\"elementor-widget-wrap elementor-element-populated\">\n\t\t\t\t\t\t<div class=\"elementor-element elementor-element-2484ff49 elementor-arrows-position-inside elementor-widget elementor-widget-image-carousel\" data-id=\"2484ff49\" data-element_type=\"widget\" data-e-type=\"widget\" data-settings=\"{&quot;slides_to_show&quot;:&quot;2&quot;,&quot;slides_to_scroll&quot;:&quot;1&quot;,&quot;navigation&quot;:&quot;arrows&quot;,&quot;autoplay&quot;:&quot;no&quot;,&quot;image_spacing_custom&quot;:{&quot;unit&quot;:&quot;px&quot;,&quot;size&quot;:40,&quot;sizes&quot;:[]},&quot;slides_to_show_tablet&quot;:&quot;1&quot;,&quot;infinite&quot;:&quot;yes&quot;,&quot;speed&quot;:500}\" data-widget_type=\"image-carousel.default\">\n\t\t\t\t<div class=\"elementor-widget-container\">\n\t\t\t\t\t\t\t<div class=\"elementor-image-carousel-wrapper swiper\" role=\"region\" aria-roledescription=\"carousel\" aria-label=\"Carrousel d\u2019images\" dir=\"ltr\">\n\t\t\t<div class=\"elementor-image-carousel swiper-wrapper swiper-image-stretch\" aria-live=\"polite\">\n\t\t\t\t\t\t\t\t<div class=\"swiper-slide\" role=\"group\" aria-roledescription=\"slide\" aria-label=\"1 sur 2\"><figure class=\"swiper-slide-inner\"><img decoding=\"async\" class=\"swiper-slide-image\" src=\"https:\/\/www.hotelamici.it\/wp-content\/uploads\/2024\/02\/ambiente-01-1.jpg\" alt=\"ambiente-01\" title=\"Hotel Amici-Monterosso-La Spezia-\"><\/figure><\/div><div class=\"swiper-slide\" role=\"group\" aria-roledescription=\"slide\" aria-label=\"2 sur 2\"><figure class=\"swiper-slide-inner\"><img decoding=\"async\" class=\"swiper-slide-image\" src=\"https:\/\/www.hotelamici.it\/wp-content\/uploads\/2024\/02\/ambiente-02-1.jpg\" alt=\"ambiente-02\" title=\"Hotel Amici-Monterosso-La Spezia-\"><\/figure><\/div>\t\t\t<\/div>\n\t\t\t\t\t\t\t\t\t\t\t\t<div class=\"elementor-swiper-button elementor-swiper-button-prev\" role=\"button\" tabindex=\"0\">\n\t\t\t\t\t\t<i aria-hidden=\"true\" class=\"eicon-chevron-left\"><\/i>\t\t\t\t\t<\/div>\n\t\t\t\t\t<div class=\"elementor-swiper-button elementor-swiper-button-next\" role=\"button\" tabindex=\"0\">\n\t\t\t\t\t\t<i aria-hidden=\"true\" class=\"eicon-chevron-right\"><\/i>\t\t\t\t\t<\/div>\n\t\t\t\t\n\t\t\t\t\t\t\t\t\t<\/div>\n\t\t\t\t\t\t<\/div>\n\t\t\t\t<\/div>\n\t\t\t\t\t<\/div>\n\t\t<\/div>\n\t\t\t\t\t<\/div>\n\t\t<\/section>\n\t\t\t\t<section class=\"elementor-section elementor-top-section elementor-element elementor-element-15744b0b elementor-section-full_width elementor-reverse-mobile elementor-section-height-default elementor-section-height-default\" data-id=\"15744b0b\" data-element_type=\"section\" data-e-type=\"section\" data-settings=\"{&quot;background_background&quot;:&quot;classic&quot;,&quot;jet_parallax_layout_list&quot;:[]}\">\n\t\t\t\t\t\t<div class=\"elementor-container elementor-column-gap-default\">\n\t\t\t\t\t<div class=\"elementor-column elementor-col-50 elementor-top-column elementor-element elementor-element-4085616\" data-id=\"4085616\" data-element_type=\"column\" data-e-type=\"column\">\n\t\t\t<div class=\"elementor-widget-wrap elementor-element-populated\">\n\t\t\t\t\t\t<div class=\"elementor-element elementor-element-6c6ab706 elementor-arrows-position-inside elementor-widget elementor-widget-image-carousel\" data-id=\"6c6ab706\" data-element_type=\"widget\" data-e-type=\"widget\" data-settings=\"{&quot;slides_to_show&quot;:&quot;2&quot;,&quot;slides_to_scroll&quot;:&quot;1&quot;,&quot;navigation&quot;:&quot;arrows&quot;,&quot;autoplay&quot;:&quot;no&quot;,&quot;image_spacing_custom&quot;:{&quot;unit&quot;:&quot;px&quot;,&quot;size&quot;:40,&quot;sizes&quot;:[]},&quot;slides_to_show_tablet&quot;:&quot;1&quot;,&quot;infinite&quot;:&quot;yes&quot;,&quot;speed&quot;:500}\" data-widget_type=\"image-carousel.default\">\n\t\t\t\t<div class=\"elementor-widget-container\">\n\t\t\t\t\t\t\t<div class=\"elementor-image-carousel-wrapper swiper\" role=\"region\" aria-roledescription=\"carousel\" aria-label=\"Carrousel d\u2019images\" dir=\"ltr\">\n\t\t\t<div class=\"elementor-image-carousel swiper-wrapper swiper-image-stretch\" aria-live=\"polite\">\n\t\t\t\t\t\t\t\t<div class=\"swiper-slide\" role=\"group\" aria-roledescription=\"slide\" aria-label=\"1 sur 2\"><figure class=\"swiper-slide-inner\"><img decoding=\"async\" class=\"swiper-slide-image\" src=\"https:\/\/www.hotelamici.it\/wp-content\/uploads\/2024\/02\/ambiente-03-1.jpg\" alt=\"ambiente-03\" title=\"Hotel Amici-Monterosso-La Spezia-\"><\/figure><\/div><div class=\"swiper-slide\" role=\"group\" aria-roledescription=\"slide\" aria-label=\"2 sur 2\"><figure class=\"swiper-slide-inner\"><img decoding=\"async\" class=\"swiper-slide-image\" src=\"https:\/\/www.hotelamici.it\/wp-content\/uploads\/2024\/02\/ambiente-04-1.jpg\" alt=\"ambiente-04\" title=\"Hotel Amici-Monterosso-La Spezia-\"><\/figure><\/div>\t\t\t<\/div>\n\t\t\t\t\t\t\t\t\t\t\t\t<div class=\"elementor-swiper-button elementor-swiper-button-prev\" role=\"button\" tabindex=\"0\">\n\t\t\t\t\t\t<i aria-hidden=\"true\" class=\"eicon-chevron-left\"><\/i>\t\t\t\t\t<\/div>\n\t\t\t\t\t<div class=\"elementor-swiper-button elementor-swiper-button-next\" role=\"button\" tabindex=\"0\">\n\t\t\t\t\t\t<i aria-hidden=\"true\" class=\"eicon-chevron-right\"><\/i>\t\t\t\t\t<\/div>\n\t\t\t\t\n\t\t\t\t\t\t\t\t\t<\/div>\n\t\t\t\t\t\t<\/div>\n\t\t\t\t<\/div>\n\t\t\t\t\t<\/div>\n\t\t<\/div>\n\t\t\t\t<div class=\"elementor-column elementor-col-50 elementor-top-column elementor-element elementor-element-1850b4f5\" data-id=\"1850b4f5\" data-element_type=\"column\" data-e-type=\"column\">\n\t\t\t<div class=\"elementor-widget-wrap elementor-element-populated\">\n\t\t\t\t\t\t<div class=\"elementor-element elementor-element-e0e3d40 elementor-widget elementor-widget-spacer\" data-id=\"e0e3d40\" data-element_type=\"widget\" data-e-type=\"widget\" data-widget_type=\"spacer.default\">\n\t\t\t\t<div class=\"elementor-widget-container\">\n\t\t\t\t\t\t\t<div class=\"elementor-spacer\">\n\t\t\t<div class=\"elementor-spacer-inner\"><\/div>\n\t\t<\/div>\n\t\t\t\t\t\t<\/div>\n\t\t\t\t<\/div>\n\t\t\t\t<div class=\"elementor-element elementor-element-4dcf0ec0 elementor-widget elementor-widget-text-editor\" data-id=\"4dcf0ec0\" data-element_type=\"widget\" data-e-type=\"widget\" data-widget_type=\"text-editor.default\">\n\t\t\t\t<div class=\"elementor-widget-container\">\n\t\t\t\t\t\t\t\t\t<p>Nous suivons la <strong>collecte s\u00e9par\u00e9e<\/strong> et nous faisons de notre mieux pour acheter des savons et des produits de nettoyage ayant un <strong>label \u00e9cologique<\/strong>.<\/p><p>Nous disposons de <strong>lignes directrices<\/strong> pour nos employ\u00e9s, ainsi que dans les chambres pour expliquer comment emp\u00eacher les gaspillages d\u2019\u00e9nergie et d\u2019eau<\/p><p>Nous sommes convaincus que notre travail est gagnant si tout le monde s\u2019engage et nous sommes reconnaissants que nos h\u00f4tes comprennent et appr\u00e9cient notre fa\u00e7on d\u2019agir.<br \/>Nos clients en s\u00e9journant chez nous ont droit \u00e0 une <strong>r\u00e9duction sur la carte 5 terre<\/strong> parce que nous adh\u00e9rons au <strong>Marchio di Qualit\u00e0 Ambientale 2.0 &#8211; <\/strong><strong>CETS FASE II.<\/strong><\/p><p>N\u2019h\u00e9sitez pas \u00e0 nous donner de bons conseils, nous essayerons toujours de progresser pour nous et pour Vous !<\/p>\t\t\t\t\t\t\t\t<\/div>\n\t\t\t\t<\/div>\n\t\t\t\t<div class=\"elementor-element elementor-element-a9a5743 elementor-widget__width-initial elementor-position-top elementor-widget elementor-widget-image-box\" data-id=\"a9a5743\" data-element_type=\"widget\" data-e-type=\"widget\" data-widget_type=\"image-box.default\">\n\t\t\t\t<div class=\"elementor-widget-container\">\n\t\t\t\t\t<div class=\"elementor-image-box-wrapper\"><figure class=\"elementor-image-box-img\"><a href=\"https:\/\/www.parconazionale5terre.it\/\" target=\"_blank\" tabindex=\"-1\" rel=\"noopener\"><img fetchpriority=\"high\" decoding=\"async\" width=\"1701\" height=\"1180\" src=\"https:\/\/www.hotelamici.it\/wp-content\/uploads\/2023\/05\/Logo_Parco5Terre.png\" class=\"attachment-full size-full wp-image-1441\" alt=\"Hotel Amici-Monterosso-La Spezia-\" title=\"Hotel Amici-Monterosso-La Spezia-\" srcset=\"https:\/\/www.hotelamici.it\/wp-content\/uploads\/2023\/05\/Logo_Parco5Terre.png 1701w, https:\/\/www.hotelamici.it\/wp-content\/uploads\/2023\/05\/Logo_Parco5Terre-300x208.png 300w, https:\/\/www.hotelamici.it\/wp-content\/uploads\/2023\/05\/Logo_Parco5Terre-1024x710.png 1024w, https:\/\/www.hotelamici.it\/wp-content\/uploads\/2023\/05\/Logo_Parco5Terre-768x533.png 768w, https:\/\/www.hotelamici.it\/wp-content\/uploads\/2023\/05\/Logo_Parco5Terre-1536x1066.png 1536w\" sizes=\"(max-width: 1701px) 100vw, 1701px\" \/><\/a><\/figure><\/div>\t\t\t\t<\/div>\n\t\t\t\t<\/div>\n\t\t\t\t<div class=\"elementor-element elementor-element-13e6d11 elementor-position-left elementor-vertical-align-middle elementor-widget__width-initial elementor-widget elementor-widget-image-box\" data-id=\"13e6d11\" data-element_type=\"widget\" data-e-type=\"widget\" data-widget_type=\"image-box.default\">\n\t\t\t\t<div class=\"elementor-widget-container\">\n\t\t\t\t\t<div class=\"elementor-image-box-wrapper\"><figure class=\"elementor-image-box-img\"><a href=\"https:\/\/www.parconazionale5terre.it\/\" target=\"_blank\" tabindex=\"-1\" rel=\"noopener\"><img decoding=\"async\" width=\"1100\" height=\"500\" src=\"https:\/\/www.hotelamici.it\/wp-content\/uploads\/2023\/05\/logoRettangolare_mqa_cets.png\" class=\"attachment-full size-full wp-image-1444\" alt=\"Hotel Amici-Monterosso-La Spezia-\" title=\"Hotel Amici-Monterosso-La Spezia-\" srcset=\"https:\/\/www.hotelamici.it\/wp-content\/uploads\/2023\/05\/logoRettangolare_mqa_cets.png 1100w, https:\/\/www.hotelamici.it\/wp-content\/uploads\/2023\/05\/logoRettangolare_mqa_cets-300x136.png 300w, https:\/\/www.hotelamici.it\/wp-content\/uploads\/2023\/05\/logoRettangolare_mqa_cets-1024x465.png 1024w, https:\/\/www.hotelamici.it\/wp-content\/uploads\/2023\/05\/logoRettangolare_mqa_cets-768x349.png 768w\" sizes=\"(max-width: 1100px) 100vw, 1100px\" \/><\/a><\/figure><div class=\"elementor-image-box-content\"><span class=\"elementor-image-box-title\"><a href=\"https:\/\/www.parconazionale5terre.it\/\" target=\"_blank\" rel=\"noopener\">Marchio di Qualit\u00e0 Ambientale 2.0 - CETS FASE II<\/a><\/span><\/div><\/div>\t\t\t\t<\/div>\n\t\t\t\t<\/div>\n\t\t\t\t\t<\/div>\n\t\t<\/div>\n\t\t\t\t\t<\/div>\n\t\t<\/section>\n\t\t\t\t<\/div>\n\t\t","protected":false},"excerpt":{"rendered":"<p>Notre engagement en faveur de l&rsquo;environnement LA CHARTE EUROPEENNE DU TOURISME DURABLE Depuis des ann\u00e9es d\u00e9sormais notre h\u00f4tel s\u2019engage dans la durabilit\u00e9 environnementale. Nous adh\u00e9rons au CETS (Carta europea del turismo sostenibile) et nous suivons leurs r\u00e8gles et leurs conseils pour nous am\u00e9liorer et bien faire.Cette politique de durabilit\u00e9 environnementale est appliqu\u00e9e dans tous les [&hellip;]<\/p>\n","protected":false},"author":1,"featured_media":0,"parent":0,"menu_order":0,"comment_status":"closed","ping_status":"open","template":"","meta":{"footnotes":""},"class_list":["post-1619","page","type-page","status-publish","hentry"],"_links":{"self":[{"href":"https:\/\/www.hotelamici.it\/fr\/wp-json\/wp\/v2\/pages\/1619","targetHints":{"allow":["GET"]}}],"collection":[{"href":"https:\/\/www.hotelamici.it\/fr\/wp-json\/wp\/v2\/pages"}],"about":[{"href":"https:\/\/www.hotelamici.it\/fr\/wp-json\/wp\/v2\/types\/page"}],"author":[{"embeddable":true,"href":"https:\/\/www.hotelamici.it\/fr\/wp-json\/wp\/v2\/users\/1"}],"replies":[{"embeddable":true,"href":"https:\/\/www.hotelamici.it\/fr\/wp-json\/wp\/v2\/comments?post=1619"}],"version-history":[{"count":8,"href":"https:\/\/www.hotelamici.it\/fr\/wp-json\/wp\/v2\/pages\/1619\/revisions"}],"predecessor-version":[{"id":1736,"href":"https:\/\/www.hotelamici.it\/fr\/wp-json\/wp\/v2\/pages\/1619\/revisions\/1736"}],"wp:attachment":[{"href":"https:\/\/www.hotelamici.it\/fr\/wp-json\/wp\/v2\/media?parent=1619"}],"curies":[{"name":"wp","href":"https:\/\/api.w.org\/{rel}","templated":true}]}}